{"id":334,"date":"2024-06-19T09:28:35","date_gmt":"2024-06-19T09:28:35","guid":{"rendered":"https:\/\/new.tracosinteriores.com\/?page_id=334"},"modified":"2024-08-14T10:56:23","modified_gmt":"2024-08-14T10:56:23","slug":"historia","status":"publish","type":"page","link":"https:\/\/ss-financial.com\/en\/historia\/","title":{"rendered":"History"},"content":{"rendered":"<h3>Excellent financial consultancy for entrepreneurs<\/h3>\n<p>Founded on October 22, 2009, SS Financial \u2013 Accounting, Management and Consulting is comprised of an experienced team in the areas of accounting and management. We provide high-quality economic and financial consulting services, specifically designed to support entrepreneurs in the management and growth of their businesses.<\/p>\n<p>From innovative solutions to personalized support, we are a partner that helps entrepreneurs transform their challenges into prospects for sustainable growth.<\/p>\n<p>One of our strengths is the identification of co-financing opportunities offered by EU funds. These play a crucial role in the development of businesses in Portugal, and are one of the areas in which we invest most of our know-how.<br \/>\nWe develop the entire project for applications to community funds, with the utmost dedication and professionalism.<br \/>\nOur vast experience in the market gives us a 98% success rate for this type of application, a number of which we are immensely proud.<\/p>\n<h5>One of our strengths is the identification of co-financing opportunities offered by EU funds.<\/h5>\n<p>However, we believe that accounting is an essential tool for the strategic management of any business, which is why we support you throughout your journey as an entrepreneur, so that you can make the best and most informed decisions for your success.<\/p>","protected":false},"excerpt":{"rendered":"<p>Consultoria financeira de excel\u00eancia para empreendedores Fundada a 22 de Outubro de 2009, a SS Financial \u2013 Contabilidade, Gest\u00e3o e Consultoria \u00e9 composta por uma equipa experiente nas \u00e1reas da contabilidade e gest\u00e3o. Fornecemos servi\u00e7os de consultoria econ\u00f3mico-financeira de alta qualidade, projetados especificamente para apoiar empreendedores na gest\u00e3o e crescimento dos seus neg\u00f3cios. De solu\u00e7\u00f5es [&hellip;]<\/p>","protected":false},"author":1,"featured_media":632,"parent":0,"menu_order":0,"comment_status":"closed","ping_status":"closed","template":"pages\/page-about.php","meta":{"_acf_changed":false,"footnotes":""},"class_list":["post-334","page","type-page","status-publish","has-post-thumbnail","hentry"],"acf":[],"_links":{"self":[{"href":"https:\/\/ss-financial.com\/en\/wp-json\/wp\/v2\/pages\/334","targetHints":{"allow":["GET"]}}],"collection":[{"href":"https:\/\/ss-financial.com\/en\/wp-json\/wp\/v2\/pages"}],"about":[{"href":"https:\/\/ss-financial.com\/en\/wp-json\/wp\/v2\/types\/page"}],"author":[{"embeddable":true,"href":"https:\/\/ss-financial.com\/en\/wp-json\/wp\/v2\/users\/1"}],"replies":[{"embeddable":true,"href":"https:\/\/ss-financial.com\/en\/wp-json\/wp\/v2\/comments?post=334"}],"version-history":[{"count":21,"href":"https:\/\/ss-financial.com\/en\/wp-json\/wp\/v2\/pages\/334\/revisions"}],"predecessor-version":[{"id":776,"href":"https:\/\/ss-financial.com\/en\/wp-json\/wp\/v2\/pages\/334\/revisions\/776"}],"wp:featuredmedia":[{"embeddable":true,"href":"https:\/\/ss-financial.com\/en\/wp-json\/wp\/v2\/media\/632"}],"wp:attachment":[{"href":"https:\/\/ss-financial.com\/en\/wp-json\/wp\/v2\/media?parent=334"}],"curies":[{"name":"wp","href":"https:\/\/api.w.org\/{rel}","templated":true}]}}