{"id":334,"date":"2024-06-19T09:28:35","date_gmt":"2024-06-19T09:28:35","guid":{"rendered":"https:\/\/new.tracosinteriores.com\/?page_id=334"},"modified":"2024-08-14T10:56:23","modified_gmt":"2024-08-14T10:56:23","slug":"historia","status":"publish","type":"page","link":"https:\/\/ss-financial.com\/pt\/historia\/","title":{"rendered":"Hist\u00f3ria"},"content":{"rendered":"<h3>Consultoria financeira de excel\u00eancia para empreendedores<\/h3>\n<p>Fundada a 22 de Outubro de 2009, a SS Financial \u2013 Contabilidade, Gest\u00e3o e Consultoria \u00e9 composta por uma equipa experiente nas \u00e1reas da contabilidade e gest\u00e3o. Fornecemos servi\u00e7os de consultoria econ\u00f3mico-financeira de alta qualidade, projetados especificamente para apoiar empreendedores na gest\u00e3o e crescimento dos seus neg\u00f3cios.<\/p>\n<p>De solu\u00e7\u00f5es inovadoras ao acompanhamento personalizado, somos um parceiro que ajuda os empreendedores a transformarem os seus desafios em perspetivas de crescimento sustent\u00e1vel.<\/p>\n<p>Um dos nossos pontos fortes \u00e9 a identifica\u00e7\u00e3o de oportunidades\u00a0de co-financiamento oferecidas pelos fundos comunit\u00e1rios. Estes revelam um papel crucial no desenvolvimento de neg\u00f3cios em territ\u00f3rio nacional, sendo uma das \u00e1reas nas quais mais investimos o nosso know-how.<br \/>\nDesenvolvemos todo o projeto de candidaturas a fundos comunit\u00e1rios, com a m\u00e1xima dedica\u00e7\u00e3o e profissionalismo.<br \/>\nA nossa vasta experi\u00eancia no mercado d\u00e1-nos uma taxa de sucesso de 98% a este tipo de candidatura, n\u00famero do qual nos orgulhamos imensamente.<\/p>\n<h5>Um dos nossos pontos fortes \u00e9 a identifica\u00e7\u00e3o de oportunidades\u00a0de co-financiamento oferecidas pelos fundos comunit\u00e1rios.<\/h5>\n<p>N\u00e3o obstante, acreditamos que a contabilidade \u00e9 uma ferramenta essencial para a gest\u00e3o estrat\u00e9gica de qualquer neg\u00f3cio, pelo que o acompanhamos em todo o seu percurso enquanto empreendedor, para que possa tomar as melhores e mais informadas decis\u00f5es em prol do seu sucesso.<\/p>\n","protected":false},"excerpt":{"rendered":"<p>Consultoria financeira de excel\u00eancia para empreendedores Fundada a 22 de Outubro de 2009, a SS Financial \u2013 Contabilidade, Gest\u00e3o e Consultoria \u00e9 composta por uma equipa experiente nas \u00e1reas da contabilidade e gest\u00e3o. Fornecemos servi\u00e7os de consultoria econ\u00f3mico-financeira de alta qualidade, projetados especificamente para apoiar empreendedores na gest\u00e3o e crescimento dos seus neg\u00f3cios. De solu\u00e7\u00f5es [&hellip;]<\/p>\n","protected":false},"author":1,"featured_media":632,"parent":0,"menu_order":0,"comment_status":"closed","ping_status":"closed","template":"pages\/page-about.php","meta":{"_acf_changed":false,"footnotes":""},"class_list":["post-334","page","type-page","status-publish","has-post-thumbnail","hentry"],"acf":[],"_links":{"self":[{"href":"https:\/\/ss-financial.com\/pt\/wp-json\/wp\/v2\/pages\/334","targetHints":{"allow":["GET"]}}],"collection":[{"href":"https:\/\/ss-financial.com\/pt\/wp-json\/wp\/v2\/pages"}],"about":[{"href":"https:\/\/ss-financial.com\/pt\/wp-json\/wp\/v2\/types\/page"}],"author":[{"embeddable":true,"href":"https:\/\/ss-financial.com\/pt\/wp-json\/wp\/v2\/users\/1"}],"replies":[{"embeddable":true,"href":"https:\/\/ss-financial.com\/pt\/wp-json\/wp\/v2\/comments?post=334"}],"version-history":[{"count":21,"href":"https:\/\/ss-financial.com\/pt\/wp-json\/wp\/v2\/pages\/334\/revisions"}],"predecessor-version":[{"id":776,"href":"https:\/\/ss-financial.com\/pt\/wp-json\/wp\/v2\/pages\/334\/revisions\/776"}],"wp:featuredmedia":[{"embeddable":true,"href":"https:\/\/ss-financial.com\/pt\/wp-json\/wp\/v2\/media\/632"}],"wp:attachment":[{"href":"https:\/\/ss-financial.com\/pt\/wp-json\/wp\/v2\/media?parent=334"}],"curies":[{"name":"wp","href":"https:\/\/api.w.org\/{rel}","templated":true}]}}