{"id":342,"date":"2024-06-19T09:35:45","date_gmt":"2024-06-19T09:35:45","guid":{"rendered":"https:\/\/new.tracosinteriores.com\/?page_id=342"},"modified":"2024-08-05T20:54:36","modified_gmt":"2024-08-05T20:54:36","slug":"noticias","status":"publish","type":"page","link":"https:\/\/ss-financial.com\/pt\/noticias\/","title":{"rendered":"Not\u00edcias"},"content":{"rendered":"<p>Oferecemos os recursos e meios necess\u00e1rios ao desenvolvimento e <strong>acompanhamento dos seus neg\u00f3cios.<\/strong><\/p>\n","protected":false},"excerpt":{"rendered":"<p>Oferecemos os recursos e meios necess\u00e1rios ao desenvolvimento e acompanhamento dos seus neg\u00f3cios.<\/p>\n","protected":false},"author":1,"featured_media":0,"parent":0,"menu_order":0,"comment_status":"closed","ping_status":"closed","template":"pages\/page-news.php","meta":{"_acf_changed":false,"footnotes":""},"class_list":["post-342","page","type-page","status-publish","hentry"],"acf":[],"_links":{"self":[{"href":"https:\/\/ss-financial.com\/pt\/wp-json\/wp\/v2\/pages\/342","targetHints":{"allow":["GET"]}}],"collection":[{"href":"https:\/\/ss-financial.com\/pt\/wp-json\/wp\/v2\/pages"}],"about":[{"href":"https:\/\/ss-financial.com\/pt\/wp-json\/wp\/v2\/types\/page"}],"author":[{"embeddable":true,"href":"https:\/\/ss-financial.com\/pt\/wp-json\/wp\/v2\/users\/1"}],"replies":[{"embeddable":true,"href":"https:\/\/ss-financial.com\/pt\/wp-json\/wp\/v2\/comments?post=342"}],"version-history":[{"count":4,"href":"https:\/\/ss-financial.com\/pt\/wp-json\/wp\/v2\/pages\/342\/revisions"}],"predecessor-version":[{"id":664,"href":"https:\/\/ss-financial.com\/pt\/wp-json\/wp\/v2\/pages\/342\/revisions\/664"}],"wp:attachment":[{"href":"https:\/\/ss-financial.com\/pt\/wp-json\/wp\/v2\/media?parent=342"}],"curies":[{"name":"wp","href":"https:\/\/api.w.org\/{rel}","templated":true}]}}