{"id":550,"date":"2024-07-31T21:02:33","date_gmt":"2024-07-31T21:02:33","guid":{"rendered":"https:\/\/ssfinancial.pine.pt\/?page_id=550"},"modified":"2024-08-14T10:56:53","modified_gmt":"2024-08-14T10:56:53","slug":"equipa","status":"publish","type":"page","link":"https:\/\/ss-financial.com\/pt\/equipa\/","title":{"rendered":"Equipa"},"content":{"rendered":"<p>A coes\u00e3o da equipa da SS Financial promove a colabora\u00e7\u00e3o e a comunica\u00e7\u00e3o aberta, o que permite uma sinergia multidisciplinar onde se partilham ideias, se discutem diferentes perspetivas e se resolvem problemas conjuntamente.<\/p>\n","protected":false},"excerpt":{"rendered":"<p>A coes\u00e3o da equipa da SS Financial promove a colabora\u00e7\u00e3o e a comunica\u00e7\u00e3o aberta, o que permite uma sinergia multidisciplinar onde se partilham ideias, se discutem diferentes perspetivas e se resolvem problemas conjuntamente.<\/p>\n","protected":false},"author":1,"featured_media":582,"parent":0,"menu_order":0,"comment_status":"closed","ping_status":"closed","template":"pages\/page-team.php","meta":{"_acf_changed":false,"footnotes":""},"class_list":["post-550","page","type-page","status-publish","has-post-thumbnail","hentry"],"acf":[],"_links":{"self":[{"href":"https:\/\/ss-financial.com\/pt\/wp-json\/wp\/v2\/pages\/550","targetHints":{"allow":["GET"]}}],"collection":[{"href":"https:\/\/ss-financial.com\/pt\/wp-json\/wp\/v2\/pages"}],"about":[{"href":"https:\/\/ss-financial.com\/pt\/wp-json\/wp\/v2\/types\/page"}],"author":[{"embeddable":true,"href":"https:\/\/ss-financial.com\/pt\/wp-json\/wp\/v2\/users\/1"}],"replies":[{"embeddable":true,"href":"https:\/\/ss-financial.com\/pt\/wp-json\/wp\/v2\/comments?post=550"}],"version-history":[{"count":5,"href":"https:\/\/ss-financial.com\/pt\/wp-json\/wp\/v2\/pages\/550\/revisions"}],"predecessor-version":[{"id":777,"href":"https:\/\/ss-financial.com\/pt\/wp-json\/wp\/v2\/pages\/550\/revisions\/777"}],"wp:featuredmedia":[{"embeddable":true,"href":"https:\/\/ss-financial.com\/pt\/wp-json\/wp\/v2\/media\/582"}],"wp:attachment":[{"href":"https:\/\/ss-financial.com\/pt\/wp-json\/wp\/v2\/media?parent=550"}],"curies":[{"name":"wp","href":"https:\/\/api.w.org\/{rel}","templated":true}]}}